{"id":3,"date":"2025-01-28T15:07:19","date_gmt":"2025-01-28T20:07:19","guid":{"rendered":"https:\/\/halostrategie.com\/dev\/manoirormiere\/?page_id=3"},"modified":"2025-03-05T13:14:31","modified_gmt":"2025-03-05T18:14:31","slug":"politique-de-confidentialite","status":"publish","type":"page","link":"https:\/\/halostrategie.com\/dev\/manoirormiere\/politique-de-confidentialite\/","title":{"rendered":"Politique de confidentialit\u00e9"},"content":{"rendered":"\t\t<div data-elementor-type=\"wp-page\" data-elementor-id=\"3\" class=\"elementor elementor-3\" data-elementor-post-type=\"page\">\n\t\t\t\t<div class=\"elementor-element elementor-element-735614e e-flex e-con-boxed e-con e-parent\" data-id=\"735614e\" data-element_type=\"container\">\n\t\t\t\t\t<div class=\"e-con-inner\">\n\t\t\t\t<div class=\"elementor-element elementor-element-20e701e elementor-widget elementor-widget-heading\" data-id=\"20e701e\" data-element_type=\"widget\" data-widget_type=\"heading.default\">\n\t\t\t\t<div class=\"elementor-widget-container\">\n\t\t\t\t\t<h1 class=\"elementor-heading-title elementor-size-default\">Politique de confidentialit\u00e9<\/h1>\t\t\t\t<\/div>\n\t\t\t\t<\/div>\n\t\t\t\t<div class=\"elementor-element elementor-element-40685a1 elementor-widget elementor-widget-text-editor\" data-id=\"40685a1\" data-element_type=\"widget\" data-widget_type=\"text-editor.default\">\n\t\t\t\t<div class=\"elementor-widget-container\">\n\t\t\t\t\t\t\t\t\t<p>Derni\u00e8re mise \u00e0 jour&nbsp;: 12 f\u00e9vrier 2025<\/p>\n<p>Au Manoir de l\u2019Ormi\u00e8re, nous accordons une grande importance \u00e0 la protection de votre vie priv\u00e9e et \u00e0 la s\u00e9curit\u00e9 de vos informations personnelles. Nous vous invitons ainsi \u00e0 prendre connaissance de la politique de confidentialit\u00e9 applicable sur l\u2019enti\u00e8ret\u00e9 du site manoirdelormiere.com.<\/p>\n<p><strong>Politique de confidentialit\u00e9 <\/strong><\/p>\n<p>En utilisant le site du Manoir de l\u2019Ormi\u00e8re, vous consentez \u00e0 la collecte et \u00e0 l&rsquo;utilisation de vos informations personnelles conform\u00e9ment \u00e0 la politique de protection des renseignements personnels.<\/p>\n<h4><strong>Collecte de l&rsquo;information<\/strong><\/h4>\n<p>Le Manoir de l\u2019Ormi\u00e8re collecte vos informations personnelles lorsque vous interagissez sur son site ou remplissez un formulaire. Les informations qui sont collect\u00e9es incluent&nbsp;:<\/p>\n<ul>\n<li>Votre nom et pr\u00e9nom<\/li>\n<li>Votre adresse courriel<\/li>\n<li>Votre num\u00e9ro de t\u00e9l\u00e9phone<\/li>\n<li>Votre adresse IP<\/li>\n<li>Vos informations de g\u00e9olocalisation<\/li>\n<li>Le navigateur que vous utilisez et votre syst\u00e8me d\u2019exploitation<\/li>\n<li>Vos informations de navigation \u2013 jour et heure de d\u00e9but et de fin de la visite<\/li>\n<li>Votre point d\u2019origine de la visite (organique, m\u00e9dias sociaux, courriel, etc.)<\/li>\n<li>Vos activit\u00e9s sur le site (clic, d\u00e9filement de l\u2019\u00e9cran, etc.)<\/li>\n<li>Votre utilisation des informations<\/li>\n<li>Le domaine du site pr\u00e9c\u00e9dent visit\u00e9<\/li>\n<li>L\u2019adresse URL et les titres des pages visit\u00e9es<\/li>\n<\/ul>\n<p>Les informations collect\u00e9es sont utilis\u00e9es pour&nbsp;:<\/p>\n<ul>\n<li>L\u2019am\u00e9lioration du site et son contenu<\/li>\n<li>La personnalisation de votre exp\u00e9rience en fonction de vos int\u00e9r\u00eats<\/li>\n<li>La r\u00e9ponse \u00e0 vos questions et demandes<\/li>\n<li>L\u2019am\u00e9lioration de nos services<\/li>\n<li>Le recrutement (si applicable)<\/li>\n<li>L\u2019affichage de publicit\u00e9s et de contenus personnalis\u00e9s<\/li>\n<li>L\u2019analyse de votre utilisation de notre site (via Google Analytics), afin de calculer le nombre de visites effectu\u00e9es, les pages consult\u00e9es et le temps pass\u00e9 sur le site.<\/li>\n<\/ul>\n<h4><strong>Protection des informations<\/strong><\/h4>\n<p>Le Manoir de l\u2019Ormi\u00e8re prend des mesures raisonnables pour prot\u00e9ger vos informations personnelles contre le vol, la perte, l\u2019acc\u00e8s non autoris\u00e9, la communication, la reproduction, l\u2019utilisation, la modification non autoris\u00e9es ainsi que du transfert \u00e0 un tiers aux fins de traitement ou autre.<\/p>\n<p>Malgr\u00e9 ces mesures, il est \u00e0 prendre en consid\u00e9ration qu\u2019aucune m\u00e9thode de transmission sur Internet ou de stockage \u00e9lectronique n\u2019est totalement s\u00e9curis\u00e9e, ainsi nous ne pouvons pas garantir la s\u00e9curit\u00e9 absolue de vos donn\u00e9es.<\/p>\n<h4><strong>Contr\u00f4le et divulgation des informations personnelles <\/strong><\/h4>\n<p>Le Manoir de l\u2019Ormi\u00e8re consent \u00e0 ce que les informations personnelles qui sont r\u00e9colt\u00e9es ne soient pas transmises, vendues, ni lou\u00e9es \u00e0 de tierces parties sans votre autorisation. Cependant, en consentant aux politiques de confidentialit\u00e9, vous autorisez le Manoir de l\u2019Ormi\u00e8re \u00e0 accorder l\u2019acc\u00e8s \u00e0 vos informations avec des prestataires de services tiers qui collaborent \u00e0 la gestion de notre site ou \u00e0 vous fournir des services connexes, sous r\u00e9serve de la confidentialit\u00e9 de ces informations.<\/p>\n<h4><strong>T\u00e9moins (cookies) et technologies similaires<\/strong><\/h4>\n<p>Le Manoir de l\u2019Ormi\u00e8re utilise des cookies et d&rsquo;autres technologies similaires pour am\u00e9liorer l\u2019exp\u00e9rience de navigation sur notre site. Ces t\u00e9moins contiennent de l\u2019information sur le navigateur que vous utilisez et sur les pages que vous avez consult\u00e9es.<\/p>\n<p>En tout temps, vous pouvez g\u00e9rer vos pr\u00e9f\u00e9rences, supprimer ou d\u00e9sactiver les t\u00e9moins depuis votre navigateur.<\/p>\n<h4><strong>Liens vers d&rsquo;autres sites Web<\/strong><\/h4>\n<p>Le site manoirdelormiere.com peut contenir des hyperliens vers d&rsquo;autres sites web. Les renseignements r\u00e9colt\u00e9s sur ces sites ne sont pas assujettis \u00e0 notre politique de confidentialit\u00e9, nous ne sommes donc pas responsables de leurs pratiques de confidentialit\u00e9. Nous vous encourageons \u00e0 lire les politiques de confidentialit\u00e9 de ces sites.<\/p>\n<h4><strong>Modifications de la politique<\/strong><\/h4>\n<p>Le Manoir de l\u2019Ormi\u00e8re se r\u00e9serve le droit de mettre \u00e0 jour la politique de confidentialit\u00e9 \u00e9nonc\u00e9e ci-haut, et ce, \u00e0 tout moment. Toute modification sera publi\u00e9e sur cette page avec la date de derni\u00e8re mise \u00e0 jour. Nous vous encourageons \u00e0 consulter r\u00e9guli\u00e8rement cette page pour rester inform\u00e9 des changements \u00e9ventuels.<\/p>\n<p>Notre utilisation des renseignements personnels est r\u00e9gie par la politique de protection des renseignements personnels en vigueur depuis le 22 septembre 2023.<\/p>\n<h4><strong>Responsable de la protection des renseignements personnels <\/strong><\/h4>\n<p>Si vous avez des questions ou des pr\u00e9occupations concernant notre politique de confidentialit\u00e9, veuillez faire parvenir votre demande \u00e0 notre responsable de la protection des renseignements personnels dont voici les coordonn\u00e9es&nbsp;: Sarah-Maude Groleau-G\u00e9n\u00e9reux, directrice g\u00e9n\u00e9rale du Manoir de l&rsquo;Ormi\u00e8re, \u00e0 l\u2019adresse&nbsp;<a href=\"mailto:confidentialite@manoirdelormiere.com\" target=\"_blank\" rel=\"noopener\">confidentialite@manoirdelormiere.com<\/a>.<\/p>\t\t\t\t\t\t\t\t<\/div>\n\t\t\t\t<\/div>\n\t\t\t\t\t<\/div>\n\t\t\t\t<\/div>\n\t\t\t\t<\/div>\n\t\t","protected":false},"excerpt":{"rendered":"<p>Politique de confidentialit\u00e9 Derni\u00e8re mise \u00e0 jour&nbsp;: 12 f\u00e9vrier 2025 Au Manoir de l\u2019Ormi\u00e8re, nous accordons une grande importance \u00e0 la protection de votre vie priv\u00e9e et \u00e0 la s\u00e9curit\u00e9 de vos informations personnelles. Nous vous invitons ainsi \u00e0 prendre connaissance de la politique de confidentialit\u00e9 applicable sur l\u2019enti\u00e8ret\u00e9 du site manoirdelormiere.com. Politique de confidentialit\u00e9 [&hellip;]<\/p>\n","protected":false},"author":1,"featured_media":0,"parent":0,"menu_order":0,"comment_status":"closed","ping_status":"open","template":"","meta":{"footnotes":""},"class_list":["post-3","page","type-page","status-publish","hentry"],"yoast_head":"<!-- This site is optimized with the Yoast SEO plugin v24.6 - https:\/\/yoast.com\/wordpress\/plugins\/seo\/ -->\n<title>Politique de confidentialit\u00e9 - Manoir De L\u2019Ormi\u00e8re<\/title>\n<meta name=\"robots\" content=\"noindex, follow, max-snippet:-1, max-image-preview:large, max-video-preview:-1\" \/>\n<meta property=\"og:locale\" content=\"fr_CA\" \/>\n<meta property=\"og:type\" content=\"article\" \/>\n<meta property=\"og:title\" content=\"Politique de confidentialit\u00e9 - Manoir De L\u2019Ormi\u00e8re\" \/>\n<meta property=\"og:description\" content=\"Politique de confidentialit\u00e9 Derni\u00e8re mise \u00e0 jour&nbsp;: 12 f\u00e9vrier 2025 Au Manoir de l\u2019Ormi\u00e8re, nous accordons une grande importance \u00e0 la protection de votre vie priv\u00e9e et \u00e0 la s\u00e9curit\u00e9 de vos informations personnelles. Nous vous invitons ainsi \u00e0 prendre connaissance de la politique de confidentialit\u00e9 applicable sur l\u2019enti\u00e8ret\u00e9 du site manoirdelormiere.com. Politique de confidentialit\u00e9 [&hellip;]\" \/>\n<meta property=\"og:url\" content=\"https:\/\/halostrategie.com\/dev\/manoirormiere\/politique-de-confidentialite\/\" \/>\n<meta property=\"og:site_name\" content=\"Manoir De L\u2019Ormi\u00e8re\" \/>\n<meta property=\"article:modified_time\" content=\"2025-03-05T18:14:31+00:00\" \/>\n<meta name=\"twitter:card\" content=\"summary_large_image\" \/>\n<meta name=\"twitter:label1\" content=\"Estimation du temps de lecture\" \/>\n\t<meta name=\"twitter:data1\" content=\"4 minutes\" \/>\n<script type=\"application\/ld+json\" class=\"yoast-schema-graph\">{\"@context\":\"https:\/\/schema.org\",\"@graph\":[{\"@type\":\"WebPage\",\"@id\":\"https:\/\/halostrategie.com\/dev\/manoirormiere\/politique-de-confidentialite\/\",\"url\":\"https:\/\/halostrategie.com\/dev\/manoirormiere\/politique-de-confidentialite\/\",\"name\":\"Politique de confidentialit\u00e9 - Manoir De L\u2019Ormi\u00e8re\",\"isPartOf\":{\"@id\":\"https:\/\/halostrategie.com\/dev\/manoirormiere\/#website\"},\"datePublished\":\"2025-01-28T20:07:19+00:00\",\"dateModified\":\"2025-03-05T18:14:31+00:00\",\"breadcrumb\":{\"@id\":\"https:\/\/halostrategie.com\/dev\/manoirormiere\/politique-de-confidentialite\/#breadcrumb\"},\"inLanguage\":\"fr-CA\",\"potentialAction\":[{\"@type\":\"ReadAction\",\"target\":[\"https:\/\/halostrategie.com\/dev\/manoirormiere\/politique-de-confidentialite\/\"]}]},{\"@type\":\"BreadcrumbList\",\"@id\":\"https:\/\/halostrategie.com\/dev\/manoirormiere\/politique-de-confidentialite\/#breadcrumb\",\"itemListElement\":[{\"@type\":\"ListItem\",\"position\":1,\"name\":\"Accueil\",\"item\":\"https:\/\/halostrategie.com\/dev\/manoirormiere\/\"},{\"@type\":\"ListItem\",\"position\":2,\"name\":\"Politique de confidentialit\u00e9\"}]},{\"@type\":\"WebSite\",\"@id\":\"https:\/\/halostrategie.com\/dev\/manoirormiere\/#website\",\"url\":\"https:\/\/halostrategie.com\/dev\/manoirormiere\/\",\"name\":\"Manoir De L\u2019Ormi\u00e8re\",\"description\":\"r\u00e9sidence pour a\u00een\u00e9s autonomes \u00e0 Qu\u00e9bec\",\"publisher\":{\"@id\":\"https:\/\/halostrategie.com\/dev\/manoirormiere\/#organization\"},\"potentialAction\":[{\"@type\":\"SearchAction\",\"target\":{\"@type\":\"EntryPoint\",\"urlTemplate\":\"https:\/\/halostrategie.com\/dev\/manoirormiere\/?s={search_term_string}\"},\"query-input\":{\"@type\":\"PropertyValueSpecification\",\"valueRequired\":true,\"valueName\":\"search_term_string\"}}],\"inLanguage\":\"fr-CA\"},{\"@type\":\"Organization\",\"@id\":\"https:\/\/halostrategie.com\/dev\/manoirormiere\/#organization\",\"name\":\"Manoir De L\u2019Ormi\u00e8re\",\"url\":\"https:\/\/halostrategie.com\/dev\/manoirormiere\/\",\"logo\":{\"@type\":\"ImageObject\",\"inLanguage\":\"fr-CA\",\"@id\":\"https:\/\/halostrategie.com\/dev\/manoirormiere\/#\/schema\/logo\/image\/\",\"url\":\"https:\/\/halostrategie.com\/dev\/manoirormiere\/wp-content\/uploads\/2025\/02\/Manoir_DelOrmiere_Logo_Rouge.webp\",\"contentUrl\":\"https:\/\/halostrategie.com\/dev\/manoirormiere\/wp-content\/uploads\/2025\/02\/Manoir_DelOrmiere_Logo_Rouge.webp\",\"width\":500,\"height\":373,\"caption\":\"Manoir De L\u2019Ormi\u00e8re\"},\"image\":{\"@id\":\"https:\/\/halostrategie.com\/dev\/manoirormiere\/#\/schema\/logo\/image\/\"}}]}<\/script>\n<!-- \/ Yoast SEO plugin. -->","yoast_head_json":{"title":"Politique de confidentialit\u00e9 - Manoir De L\u2019Ormi\u00e8re","robots":{"index":"noindex","follow":"follow","max-snippet":"max-snippet:-1","max-image-preview":"max-image-preview:large","max-video-preview":"max-video-preview:-1"},"og_locale":"fr_CA","og_type":"article","og_title":"Politique de confidentialit\u00e9 - Manoir De L\u2019Ormi\u00e8re","og_description":"Politique de confidentialit\u00e9 Derni\u00e8re mise \u00e0 jour&nbsp;: 12 f\u00e9vrier 2025 Au Manoir de l\u2019Ormi\u00e8re, nous accordons une grande importance \u00e0 la protection de votre vie priv\u00e9e et \u00e0 la s\u00e9curit\u00e9 de vos informations personnelles. Nous vous invitons ainsi \u00e0 prendre connaissance de la politique de confidentialit\u00e9 applicable sur l\u2019enti\u00e8ret\u00e9 du site manoirdelormiere.com. Politique de confidentialit\u00e9 [&hellip;]","og_url":"https:\/\/halostrategie.com\/dev\/manoirormiere\/politique-de-confidentialite\/","og_site_name":"Manoir De L\u2019Ormi\u00e8re","article_modified_time":"2025-03-05T18:14:31+00:00","twitter_card":"summary_large_image","twitter_misc":{"Estimation du temps de lecture":"4 minutes"},"schema":{"@context":"https:\/\/schema.org","@graph":[{"@type":"WebPage","@id":"https:\/\/halostrategie.com\/dev\/manoirormiere\/politique-de-confidentialite\/","url":"https:\/\/halostrategie.com\/dev\/manoirormiere\/politique-de-confidentialite\/","name":"Politique de confidentialit\u00e9 - Manoir De L\u2019Ormi\u00e8re","isPartOf":{"@id":"https:\/\/halostrategie.com\/dev\/manoirormiere\/#website"},"datePublished":"2025-01-28T20:07:19+00:00","dateModified":"2025-03-05T18:14:31+00:00","breadcrumb":{"@id":"https:\/\/halostrategie.com\/dev\/manoirormiere\/politique-de-confidentialite\/#breadcrumb"},"inLanguage":"fr-CA","potentialAction":[{"@type":"ReadAction","target":["https:\/\/halostrategie.com\/dev\/manoirormiere\/politique-de-confidentialite\/"]}]},{"@type":"BreadcrumbList","@id":"https:\/\/halostrategie.com\/dev\/manoirormiere\/politique-de-confidentialite\/#breadcrumb","itemListElement":[{"@type":"ListItem","position":1,"name":"Accueil","item":"https:\/\/halostrategie.com\/dev\/manoirormiere\/"},{"@type":"ListItem","position":2,"name":"Politique de confidentialit\u00e9"}]},{"@type":"WebSite","@id":"https:\/\/halostrategie.com\/dev\/manoirormiere\/#website","url":"https:\/\/halostrategie.com\/dev\/manoirormiere\/","name":"Manoir De L\u2019Ormi\u00e8re","description":"r\u00e9sidence pour a\u00een\u00e9s autonomes \u00e0 Qu\u00e9bec","publisher":{"@id":"https:\/\/halostrategie.com\/dev\/manoirormiere\/#organization"},"potentialAction":[{"@type":"SearchAction","target":{"@type":"EntryPoint","urlTemplate":"https:\/\/halostrategie.com\/dev\/manoirormiere\/?s={search_term_string}"},"query-input":{"@type":"PropertyValueSpecification","valueRequired":true,"valueName":"search_term_string"}}],"inLanguage":"fr-CA"},{"@type":"Organization","@id":"https:\/\/halostrategie.com\/dev\/manoirormiere\/#organization","name":"Manoir De L\u2019Ormi\u00e8re","url":"https:\/\/halostrategie.com\/dev\/manoirormiere\/","logo":{"@type":"ImageObject","inLanguage":"fr-CA","@id":"https:\/\/halostrategie.com\/dev\/manoirormiere\/#\/schema\/logo\/image\/","url":"https:\/\/halostrategie.com\/dev\/manoirormiere\/wp-content\/uploads\/2025\/02\/Manoir_DelOrmiere_Logo_Rouge.webp","contentUrl":"https:\/\/halostrategie.com\/dev\/manoirormiere\/wp-content\/uploads\/2025\/02\/Manoir_DelOrmiere_Logo_Rouge.webp","width":500,"height":373,"caption":"Manoir De L\u2019Ormi\u00e8re"},"image":{"@id":"https:\/\/halostrategie.com\/dev\/manoirormiere\/#\/schema\/logo\/image\/"}}]}},"_links":{"self":[{"href":"https:\/\/halostrategie.com\/dev\/manoirormiere\/wp-json\/wp\/v2\/pages\/3","targetHints":{"allow":["GET"]}}],"collection":[{"href":"https:\/\/halostrategie.com\/dev\/manoirormiere\/wp-json\/wp\/v2\/pages"}],"about":[{"href":"https:\/\/halostrategie.com\/dev\/manoirormiere\/wp-json\/wp\/v2\/types\/page"}],"author":[{"embeddable":true,"href":"https:\/\/halostrategie.com\/dev\/manoirormiere\/wp-json\/wp\/v2\/users\/1"}],"replies":[{"embeddable":true,"href":"https:\/\/halostrategie.com\/dev\/manoirormiere\/wp-json\/wp\/v2\/comments?post=3"}],"version-history":[{"count":0,"href":"https:\/\/halostrategie.com\/dev\/manoirormiere\/wp-json\/wp\/v2\/pages\/3\/revisions"}],"wp:attachment":[{"href":"https:\/\/halostrategie.com\/dev\/manoirormiere\/wp-json\/wp\/v2\/media?parent=3"}],"curies":[{"name":"wp","href":"https:\/\/api.w.org\/{rel}","templated":true}]}}